{"id":158,"date":"2013-07-30T07:02:16","date_gmt":"2013-07-30T07:02:16","guid":{"rendered":"http:\/\/tenviesti.fi\/wordpress\/?page_id=2"},"modified":"2018-04-23T12:01:33","modified_gmt":"2018-04-23T12:01:33","slug":"sample-page-2","status":"publish","type":"page","link":"http:\/\/tenviesti.fi\/wordpress\/","title":{"rendered":"Tenviesti Oy"},"content":{"rendered":"<p>Tenviesti Oy on vuonna 1996 perustettu viestinn\u00e4n, liikkeenjohdon konsultoinnin ja koulutustoiminnan palveluihin erikoistunut yritys, joka tarjoaa r\u00e4\u00e4t\u00e4l\u00f6ityj\u00e4, kokonaisvaltaisia palveluja yrityksille, yhteis\u00f6ille ja yksityishenkil\u00f6ille.<\/p>\n<p>Tenviesti Oy:n <strong>palvelutarjontaan<\/strong> sis\u00e4ltyv\u00e4t muun muassa tiedonhallinnan, kieliteknologian ja yritysviestinn\u00e4n konsultointi ja koulutus, sis\u00e4ll\u00f6ntuotanto erilaisiin medioihin sek\u00e4 erilaiset r\u00e4\u00e4t\u00e4l\u00f6idyt atk- ja ohjelmointipalvelut.<\/p>\n<p>Erikoisalaamme ovat erilaiset <strong>monikielisyyteen liittyv\u00e4t prosessit ja j\u00e4rjestelm\u00e4t<\/strong>.<\/p>\n<p>Lis\u00e4tietoja palveluistamme l\u00f6ytyy n\u00e4ilt\u00e4 sivuilta.<\/p>\n","protected":false},"excerpt":{"rendered":"<p>Tenviesti Oy on vuonna 1996 perustettu viestinn\u00e4n, liikkeenjohdon konsultoinnin ja koulutustoiminnan palveluihin erikoistunut yritys, joka tarjoaa r\u00e4\u00e4t\u00e4l\u00f6ityj\u00e4, kokonaisvaltaisia palveluja yrityksille, yhteis\u00f6ille ja yksityishenkil\u00f6ille. Tenviesti Oy:n palvelutarjontaan sis\u00e4ltyv\u00e4t muun muassa tiedonhallinnan, kieliteknologian ja yritysviestinn\u00e4n konsultointi ja koulutus, sis\u00e4ll\u00f6ntuotanto erilaisiin medioihin sek\u00e4 erilaiset r\u00e4\u00e4t\u00e4l\u00f6idyt atk- ja ohjelmointipalvelut. Erikoisalaamme ovat erilaiset monikielisyyteen liittyv\u00e4t prosessit ja j\u00e4rjestelm\u00e4t. Lis\u00e4tietoja palveluistamme [&hellip;]<\/p>\n","protected":false},"author":1,"featured_media":0,"parent":0,"menu_order":0,"comment_status":"closed","ping_status":"closed","template":"","meta":{"_monsterinsights_skip_tracking":false,"_monsterinsights_sitenote_active":false,"_monsterinsights_sitenote_note":"","_monsterinsights_sitenote_category":0,"footnotes":""},"class_list":["post-158","page","type-page","status-publish","hentry","post-wrapper"],"_links":{"self":[{"href":"http:\/\/tenviesti.fi\/wordpress\/index.php?rest_route=\/wp\/v2\/pages\/158","targetHints":{"allow":["GET"]}}],"collection":[{"href":"http:\/\/tenviesti.fi\/wordpress\/index.php?rest_route=\/wp\/v2\/pages"}],"about":[{"href":"http:\/\/tenviesti.fi\/wordpress\/index.php?rest_route=\/wp\/v2\/types\/page"}],"author":[{"embeddable":true,"href":"http:\/\/tenviesti.fi\/wordpress\/index.php?rest_route=\/wp\/v2\/users\/1"}],"replies":[{"embeddable":true,"href":"http:\/\/tenviesti.fi\/wordpress\/index.php?rest_route=%2Fwp%2Fv2%2Fcomments&post=158"}],"version-history":[{"count":5,"href":"http:\/\/tenviesti.fi\/wordpress\/index.php?rest_route=\/wp\/v2\/pages\/158\/revisions"}],"predecessor-version":[{"id":340,"href":"http:\/\/tenviesti.fi\/wordpress\/index.php?rest_route=\/wp\/v2\/pages\/158\/revisions\/340"}],"wp:attachment":[{"href":"http:\/\/tenviesti.fi\/wordpress\/index.php?rest_route=%2Fwp%2Fv2%2Fmedia&parent=158"}],"curies":[{"name":"wp","href":"https:\/\/api.w.org\/{rel}","templated":true}]}}