{"id":2,"date":"2016-05-10T03:48:21","date_gmt":"2016-05-10T03:48:21","guid":{"rendered":"https:\/\/tenviesti.fi\/?page_id=2"},"modified":"2024-09-04T14:01:10","modified_gmt":"2024-09-04T14:01:10","slug":"sample-page","status":"publish","type":"page","link":"https:\/\/tenviesti.fi\/","title":{"rendered":"Tenviesti Oy"},"content":{"rendered":"\n<p style=\"font-size:20px\">Tenviesti Oy on viestint\u00e4\u00e4n, julkaisutoimintaan, koulutukseen ja konsultointiin erikoistunut yritys, joka tarjoaa yksil\u00f6llist\u00e4 palvelua yrityksille ja yksityishenkil\u00f6ille.<\/p>\n\n\n\n<p style=\"font-size:20px\">Tarkempia tietoja Tenviesti Oy:st\u00e4 yrityksen\u00e4 sek\u00e4 yhti\u00f6n yhteystiedot l\u00f6ytyv\u00e4t <a href=\"https:\/\/tenviesti.fi\/?page_id=67\" data-type=\"page\" data-id=\"67\">t\u00e4\u00e4lt\u00e4<\/a>.<\/p>\n\n\n\n<p><\/p>\n","protected":false},"excerpt":{"rendered":"<p>Tenviesti Oy on viestint\u00e4\u00e4n, julkaisutoimintaan, koulutukseen ja konsultointiin erikoistunut yritys, joka tarjoaa yksil\u00f6llist\u00e4 palvelua yrityksille ja yksityishenkil\u00f6ille. Tarkempia tietoja Tenviesti Oy:st\u00e4 yrityksen\u00e4 sek\u00e4 yhti\u00f6n yhteystiedot l\u00f6ytyv\u00e4t t\u00e4\u00e4lt\u00e4.<\/p>\n","protected":false},"author":1,"featured_media":0,"parent":0,"menu_order":1,"comment_status":"closed","ping_status":"closed","template":"","meta":{"footnotes":""},"class_list":["post-2","page","type-page","status-publish","hentry"],"_links":{"self":[{"href":"https:\/\/tenviesti.fi\/index.php?rest_route=\/wp\/v2\/pages\/2"}],"collection":[{"href":"https:\/\/tenviesti.fi\/index.php?rest_route=\/wp\/v2\/pages"}],"about":[{"href":"https:\/\/tenviesti.fi\/index.php?rest_route=\/wp\/v2\/types\/page"}],"author":[{"embeddable":true,"href":"https:\/\/tenviesti.fi\/index.php?rest_route=\/wp\/v2\/users\/1"}],"replies":[{"embeddable":true,"href":"https:\/\/tenviesti.fi\/index.php?rest_route=%2Fwp%2Fv2%2Fcomments&post=2"}],"version-history":[{"count":4,"href":"https:\/\/tenviesti.fi\/index.php?rest_route=\/wp\/v2\/pages\/2\/revisions"}],"predecessor-version":[{"id":83,"href":"https:\/\/tenviesti.fi\/index.php?rest_route=\/wp\/v2\/pages\/2\/revisions\/83"}],"wp:attachment":[{"href":"https:\/\/tenviesti.fi\/index.php?rest_route=%2Fwp%2Fv2%2Fmedia&parent=2"}],"curies":[{"name":"wp","href":"https:\/\/api.w.org\/{rel}","templated":true}]}}