{"id":39,"date":"2024-09-02T16:34:13","date_gmt":"2024-09-02T16:34:13","guid":{"rendered":"https:\/\/tenviesti.fi\/?page_id=39"},"modified":"2024-09-04T16:17:19","modified_gmt":"2024-09-04T16:17:19","slug":"palvelut","status":"publish","type":"page","link":"https:\/\/tenviesti.fi\/?page_id=39","title":{"rendered":"Palvelut"},"content":{"rendered":"\n<p style=\"font-size:20px\">Tenviesti Oy:n palvelujen tarjonta painottuu t\u00e4ll\u00e4 hetkell\u00e4 pienimuotoiseen julkaisutoimintaan, johon sis\u00e4ltyv\u00e4t sek\u00e4 yrityksen oma <a href=\"https:\/\/tenviesti.fi\/?page_id=43\" data-type=\"page\" data-id=\"43\">julkaisutoiminta ett\u00e4 yksityishenkil\u00f6ille ja yhteis\u00f6ille tarjottavat julkaisupalvelut ja niit\u00e4 koskeva oheistus ja konsultointi<\/a>.<\/p>\n\n\n\n<p style=\"font-size:20px\">Yhti\u00f6n palvelutarjontaan kuuluvat my\u00f6s r\u00e4\u00e4t\u00e4l\u00f6idyt verkkokoulutuksella toteutettavat <a href=\"https:\/\/yodateam.wordpress.com\">koulutusmateriaalit ja niiden luontipalvelut<\/a>.<\/p>\n\n\n\n<p><\/p>\n","protected":false},"excerpt":{"rendered":"<p>Tenviesti Oy:n palvelujen tarjonta painottuu t\u00e4ll\u00e4 hetkell\u00e4 pienimuotoiseen julkaisutoimintaan, johon sis\u00e4ltyv\u00e4t sek\u00e4 yrityksen oma julkaisutoiminta ett\u00e4 yksityishenkil\u00f6ille ja yhteis\u00f6ille tarjottavat julkaisupalvelut ja niit\u00e4 koskeva oheistus ja konsultointi. Yhti\u00f6n palvelutarjontaan kuuluvat my\u00f6s r\u00e4\u00e4t\u00e4l\u00f6idyt verkkokoulutuksella toteutettavat koulutusmateriaalit ja niiden luontipalvelut.<\/p>\n","protected":false},"author":1,"featured_media":0,"parent":0,"menu_order":0,"comment_status":"closed","ping_status":"closed","template":"","meta":{"footnotes":""},"class_list":["post-39","page","type-page","status-publish","hentry"],"_links":{"self":[{"href":"https:\/\/tenviesti.fi\/index.php?rest_route=\/wp\/v2\/pages\/39"}],"collection":[{"href":"https:\/\/tenviesti.fi\/index.php?rest_route=\/wp\/v2\/pages"}],"about":[{"href":"https:\/\/tenviesti.fi\/index.php?rest_route=\/wp\/v2\/types\/page"}],"author":[{"embeddable":true,"href":"https:\/\/tenviesti.fi\/index.php?rest_route=\/wp\/v2\/users\/1"}],"replies":[{"embeddable":true,"href":"https:\/\/tenviesti.fi\/index.php?rest_route=%2Fwp%2Fv2%2Fcomments&post=39"}],"version-history":[{"count":7,"href":"https:\/\/tenviesti.fi\/index.php?rest_route=\/wp\/v2\/pages\/39\/revisions"}],"predecessor-version":[{"id":85,"href":"https:\/\/tenviesti.fi\/index.php?rest_route=\/wp\/v2\/pages\/39\/revisions\/85"}],"wp:attachment":[{"href":"https:\/\/tenviesti.fi\/index.php?rest_route=%2Fwp%2Fv2%2Fmedia&parent=39"}],"curies":[{"name":"wp","href":"https:\/\/api.w.org\/{rel}","templated":true}]}}