{"id":43,"date":"2024-09-02T17:12:37","date_gmt":"2024-09-02T17:12:37","guid":{"rendered":"https:\/\/tenviesti.fi\/?page_id=43"},"modified":"2024-09-24T09:12:20","modified_gmt":"2024-09-24T09:12:20","slug":"julkaisupalvelut","status":"publish","type":"page","link":"https:\/\/tenviesti.fi\/?page_id=43","title":{"rendered":"Julkaisupalvelut"},"content":{"rendered":"\n<p style=\"font-size:20px\">Tenviesti Oy:n julkaisupalveluja ovat sek\u00e4 yrityksen oma julkaisutoiminta ett\u00e4 tilaust\u00f6in\u00e4 toteutettavat painetut julkaisut.<\/p>\n\n\n\n<p style=\"font-size:20px\">Yksityisten henkil\u00f6iden ja erilaisten organisaatioiden julkaisutoimintaan liittyvi\u00e4 lis\u00e4tietoja on saatavana ottamalla yhteytt\u00e4 yritykseemme.<\/p>\n\n\n<div class=\"wp-block-image\">\n<figure class=\"aligncenter size-large is-resized\"><img loading=\"lazy\" decoding=\"async\" width=\"1024\" height=\"768\" src=\"https:\/\/tenviesti.fi\/wp-content\/uploads\/2024\/09\/julkaisut-1024x768.jpg\" alt=\"\" class=\"wp-image-48\" style=\"width:695px;height:auto\" srcset=\"https:\/\/tenviesti.fi\/wp-content\/uploads\/2024\/09\/julkaisut-1024x768.jpg 1024w, https:\/\/tenviesti.fi\/wp-content\/uploads\/2024\/09\/julkaisut-300x225.jpg 300w, https:\/\/tenviesti.fi\/wp-content\/uploads\/2024\/09\/julkaisut-768x576.jpg 768w, https:\/\/tenviesti.fi\/wp-content\/uploads\/2024\/09\/julkaisut-1536x1152.jpg 1536w, https:\/\/tenviesti.fi\/wp-content\/uploads\/2024\/09\/julkaisut-2048x1536.jpg 2048w\" sizes=\"(max-width: 1024px) 100vw, 1024px\" \/><\/figure><\/div>\n\n\n<p style=\"font-size:20px\"><\/p>\n","protected":false},"excerpt":{"rendered":"<p>Tenviesti Oy:n julkaisupalveluja ovat sek\u00e4 yrityksen oma julkaisutoiminta ett\u00e4 tilaust\u00f6in\u00e4 toteutettavat painetut julkaisut. Yksityisten henkil\u00f6iden ja erilaisten organisaatioiden julkaisutoimintaan liittyvi\u00e4 lis\u00e4tietoja on saatavana ottamalla yhteytt\u00e4 yritykseemme.<\/p>\n","protected":false},"author":1,"featured_media":0,"parent":39,"menu_order":1,"comment_status":"closed","ping_status":"closed","template":"","meta":{"footnotes":""},"class_list":["post-43","page","type-page","status-publish","hentry"],"_links":{"self":[{"href":"https:\/\/tenviesti.fi\/index.php?rest_route=\/wp\/v2\/pages\/43"}],"collection":[{"href":"https:\/\/tenviesti.fi\/index.php?rest_route=\/wp\/v2\/pages"}],"about":[{"href":"https:\/\/tenviesti.fi\/index.php?rest_route=\/wp\/v2\/types\/page"}],"author":[{"embeddable":true,"href":"https:\/\/tenviesti.fi\/index.php?rest_route=\/wp\/v2\/users\/1"}],"replies":[{"embeddable":true,"href":"https:\/\/tenviesti.fi\/index.php?rest_route=%2Fwp%2Fv2%2Fcomments&post=43"}],"version-history":[{"count":9,"href":"https:\/\/tenviesti.fi\/index.php?rest_route=\/wp\/v2\/pages\/43\/revisions"}],"predecessor-version":[{"id":125,"href":"https:\/\/tenviesti.fi\/index.php?rest_route=\/wp\/v2\/pages\/43\/revisions\/125"}],"up":[{"embeddable":true,"href":"https:\/\/tenviesti.fi\/index.php?rest_route=\/wp\/v2\/pages\/39"}],"wp:attachment":[{"href":"https:\/\/tenviesti.fi\/index.php?rest_route=%2Fwp%2Fv2%2Fmedia&parent=43"}],"curies":[{"name":"wp","href":"https:\/\/api.w.org\/{rel}","templated":true}]}}